{"id":2900,"date":"2021-05-19T08:52:22","date_gmt":"2021-05-19T08:52:22","guid":{"rendered":"https:\/\/restorantbardhi.com\/?page_id=2900"},"modified":"2021-05-24T16:03:31","modified_gmt":"2021-05-24T16:03:31","slug":"ferma","status":"publish","type":"page","link":"https:\/\/restorantbardhi.com\/sq\/ferma\/","title":{"rendered":"Ferma"},"content":{"rendered":"<div class=\"eltdf-row-grid-section-wrapper\"  ><div class=\"eltdf-row-grid-section\"><div class=\"vc_row wpb_row vc_row-fluid vc_custom_1621872223032\" ><div class=\"wpb_column vc_column_container vc_col-sm-12\"><div class=\"vc_column-inner\"><div class=\"wpb_wrapper\"><div class=\"eltdf-elements-holder   eltdf-three-columns  eltdf-responsive-mode-1024\" ><div class=\"eltdf-eh-item   eltdf-horizontal-alignment-center\"  data-item-class=\"eltdf-eh-custom-5820\" data-1400-1600=\"90px 0 0\" data-1025-1399=\"29% 0 0\" data-769-1024=\"120px 6% 0\" data-681-768=\"120px 6% 0\" data-680=\"120px 0 0\">\n\t<div class=\"eltdf-eh-item-inner\">\n\t\t<div class=\"eltdf-eh-item-content eltdf-eh-custom-5820\" style=\"padding: 24% 6% 0 2%\">\n\t\t\t<div class=\"eltdf-section-title-holder    eltdf-st-decor-animation\" style=\"text-align: center\">\n\t<div class=\"eltdf-st-inner\">\n                    <span class=\"eltdf-st-tagline\">\n                Bardhi            <\/span>\n        \t\t            <div class=\"eltdf-st-title-holder\">\n                                    <div class=\"decor\"><svg xmlns=\"http:\/\/www.w3.org\/2000\/svg\" width=\"41.125\" height=\"9.146\">\n                            <path fill=\"none\" stroke=\"#9C7C57\" stroke-miterlimit=\"10\" d=\"M40.881 8.576L20.562.591.244 8.576\"\/>\n                            <path fill=\"none\" stroke=\"#9C7C57\" stroke-miterlimit=\"10\" d=\"M40.881.591L20.562 8.576.243.591\"\/>\n                        <\/svg><\/div>\n                                <h2 class=\"eltdf-st-title\" >\n                    FERMA                <\/h2>\n                                    <div class=\"decor\"><svg xmlns=\"http:\/\/www.w3.org\/2000\/svg\" width=\"41.125\" height=\"9.146\">\n                            <path fill=\"none\" stroke=\"#9C7C57\" stroke-miterlimit=\"10\" d=\"M40.881 8.576L20.562.591.244 8.576\"\/>\n                            <path fill=\"none\" stroke=\"#9C7C57\" stroke-miterlimit=\"10\" d=\"M40.881.591L20.562 8.576.243.591\"\/>\n                        <\/svg><\/div>\n                            <\/div>\n\t\t\t\t\t\t\t<p class=\"eltdf-st-text\" >\n\t\t\t\tFerma e familjes Bardhi \u00ebsht\u00eb sekreti i gjith\u00eb suksesit t\u00eb restorantit. Shija e pakrahasueshme q\u00eb vjen nga toka, t\u00ebr\u00ebsisht BIO dhe pa kimikate p\u00ebrb\u00ebn nj\u00eb vler\u00eb t\u00eb shtuar. N\u00eb pjatat tona serviren produkte t\u00eb vet\u00eb ferm\u00ebs, bimore e shtazore, t\u00eb rritura me shum\u00eb dashuri! Prej tyre p\u00ebrfitojm\u00eb po ashtu n\u00ebnprodukte t\u00eb shumta, si: djathra t\u00eb llojeve t\u00eb ndryshme, turshi, re\u00e7el, komposto etj. Tek ne do t\u00eb p\u00ebrjetoni nj\u00eb p\u00ebrvoj\u00eb ndryshe t\u00eb t\u00eb ngr\u00ebnit, me standard dhe plot shije. Nd\u00ebrkoh\u00eb q\u00eb t\u00eb gjith\u00eb jemi n\u00eb k\u00ebrkim t\u00eb s\u00eb sh\u00ebndetshmes, Restorant Bardhi ju mir\u00ebpret si nj\u00eb perl\u00eb e fshehur n\u00eb muret e Kalas\u00eb s\u00eb Kruj\u00ebs me sekretet e shijes q\u00eb burojn\u00eb nga vet\u00eb ferma e familjes.\t\t\t<\/p>\n\t\t\t\t\t<\/div>\n<\/div><div class=\"vc_empty_space\"   style=\"height: 12px\"><span class=\"vc_empty_space_inner\"><\/span><\/div>\t\t<\/div>\n\t<\/div>\n<\/div><div class=\"eltdf-eh-item   eltdf-horizontal-alignment-center\"  data-item-class=\"eltdf-eh-custom-1465\" data-1400-1600=\"23% 10% 0 10%\" data-1025-1399=\"23% 13% 0 13%\" data-769-1024=\"90px 0\" data-681-768=\"90px 0\" data-680=\"90px 0\">\n\t<div class=\"eltdf-eh-item-inner\">\n\t\t<div class=\"eltdf-eh-item-content eltdf-eh-custom-1465\" style=\"padding: 23% 12% 0 10.3%\">\n\t\t\t<div class=\"eltdf-single-image-holder     eltdf-image-appear-none\">\n    <div class=\"eltdf-si-inner\" >\n                                                        <img loading=\"lazy\" decoding=\"async\" width=\"406\" height=\"406\" src=\"https:\/\/restorantbardhi.com\/wp-content\/uploads\/2019\/10\/home-3-image-5.png\" class=\"attachment-full size-full\" alt=\"g\" srcset=\"https:\/\/restorantbardhi.com\/wp-content\/uploads\/2019\/10\/home-3-image-5.png 406w, https:\/\/restorantbardhi.com\/wp-content\/uploads\/2019\/10\/home-3-image-5-300x300.png 300w, https:\/\/restorantbardhi.com\/wp-content\/uploads\/2019\/10\/home-3-image-5-100x100.png 100w, https:\/\/restorantbardhi.com\/wp-content\/uploads\/2019\/10\/home-3-image-5-150x150.png 150w\" sizes=\"auto, (max-width: 406px) 100vw, 406px\" \/>                                                <\/div>\n<\/div>\t\t<\/div>\n\t<\/div>\n<\/div><div class=\"eltdf-eh-item\"  data-item-class=\"eltdf-eh-custom-9006\" data-1400-1600=\"65% 0 35% 20px\" data-1025-1399=\"69% 0 39% 0\" data-769-1024=\"0 0 130px 0px\" data-681-768=\"0 0 130px 0px\" data-680=\"0 0 130px 0px\">\n\t<div class=\"eltdf-eh-item-inner\">\n\t\t<div class=\"eltdf-eh-item-content eltdf-eh-custom-9006\" style=\"padding: 56% 0 30% 20px\">\n\t\t\t<div class=\"eltdf-single-image-holder     eltdf-image-appear-none\">\n    <div class=\"eltdf-si-inner\" >\n                                                        <img loading=\"lazy\" decoding=\"async\" width=\"800\" height=\"1379\" src=\"https:\/\/restorantbardhi.com\/wp-content\/uploads\/2021\/05\/Ferma-photo.jpg\" class=\"attachment-full size-full\" alt=\"\" srcset=\"https:\/\/restorantbardhi.com\/wp-content\/uploads\/2021\/05\/Ferma-photo.jpg 800w, https:\/\/restorantbardhi.com\/wp-content\/uploads\/2021\/05\/Ferma-photo-174x300.jpg 174w, https:\/\/restorantbardhi.com\/wp-content\/uploads\/2021\/05\/Ferma-photo-594x1024.jpg 594w, https:\/\/restorantbardhi.com\/wp-content\/uploads\/2021\/05\/Ferma-photo-768x1324.jpg 768w, https:\/\/restorantbardhi.com\/wp-content\/uploads\/2021\/05\/Ferma-photo-600x1034.jpg 600w\" sizes=\"auto, (max-width: 800px) 100vw, 800px\" \/>                                                <\/div>\n<\/div>\t\t<\/div>\n\t<\/div>\n<\/div><\/div><\/div><\/div><\/div><\/div><\/div><\/div><div class=\"vc_row wpb_row vc_row-fluid\" ><div class=\"wpb_column vc_column_container vc_col-sm-12\"><div class=\"vc_column-inner\"><div class=\"wpb_wrapper\">\n\t<div  class=\"wpb_single_image wpb_content_element vc_align_left\">\n\t\t\n\t\t<figure class=\"wpb_wrapper vc_figure\">\n\t\t\t<div class=\"vc_single_image-wrapper   vc_box_border_grey\"><img loading=\"lazy\" decoding=\"async\" width=\"1300\" height=\"758\" src=\"https:\/\/restorantbardhi.com\/wp-content\/uploads\/2021\/05\/Ferma-photo-1.jpg\" class=\"vc_single_image-img attachment-full\" alt=\"\" srcset=\"https:\/\/restorantbardhi.com\/wp-content\/uploads\/2021\/05\/Ferma-photo-1.jpg 1300w, https:\/\/restorantbardhi.com\/wp-content\/uploads\/2021\/05\/Ferma-photo-1-300x175.jpg 300w, https:\/\/restorantbardhi.com\/wp-content\/uploads\/2021\/05\/Ferma-photo-1-1024x597.jpg 1024w, https:\/\/restorantbardhi.com\/wp-content\/uploads\/2021\/05\/Ferma-photo-1-768x448.jpg 768w, https:\/\/restorantbardhi.com\/wp-content\/uploads\/2021\/05\/Ferma-photo-1-600x350.jpg 600w\" sizes=\"auto, (max-width: 1300px) 100vw, 1300px\" \/><\/div>\n\t\t<\/figure>\n\t<\/div>\n<\/div><\/div><\/div><\/div><div class=\"vc_row wpb_row vc_row-fluid\" ><div class=\"wpb_column vc_column_container vc_col-sm-12\"><div class=\"vc_column-inner\"><div class=\"wpb_wrapper\"><div class=\"vc_empty_space\"   style=\"height: 60px\"><span class=\"vc_empty_space_inner\"><\/span><\/div><\/div><\/div><\/div><\/div><div class=\"vc_row wpb_row vc_row-fluid\" ><div class=\"wpb_column vc_column_container vc_col-sm-12\"><div class=\"vc_column-inner\"><div class=\"wpb_wrapper\">\n\t<div  class=\"wpb_single_image wpb_content_element vc_align_left\">\n\t\t\n\t\t<figure class=\"wpb_wrapper vc_figure\">\n\t\t\t<div class=\"vc_single_image-wrapper   vc_box_border_grey\"><img loading=\"lazy\" decoding=\"async\" width=\"1300\" height=\"758\" src=\"https:\/\/restorantbardhi.com\/wp-content\/uploads\/2021\/05\/Ferma-photo-2.jpg\" class=\"vc_single_image-img attachment-full\" alt=\"\" srcset=\"https:\/\/restorantbardhi.com\/wp-content\/uploads\/2021\/05\/Ferma-photo-2.jpg 1300w, https:\/\/restorantbardhi.com\/wp-content\/uploads\/2021\/05\/Ferma-photo-2-300x175.jpg 300w, https:\/\/restorantbardhi.com\/wp-content\/uploads\/2021\/05\/Ferma-photo-2-1024x597.jpg 1024w, https:\/\/restorantbardhi.com\/wp-content\/uploads\/2021\/05\/Ferma-photo-2-768x448.jpg 768w, https:\/\/restorantbardhi.com\/wp-content\/uploads\/2021\/05\/Ferma-photo-2-600x350.jpg 600w\" sizes=\"auto, (max-width: 1300px) 100vw, 1300px\" \/><\/div>\n\t\t<\/figure>\n\t<\/div>\n<\/div><\/div><\/div><\/div><div class=\"vc_row wpb_row vc_row-fluid\" ><div class=\"wpb_column vc_column_container vc_col-sm-12\"><div class=\"vc_column-inner\"><div class=\"wpb_wrapper\"><div class=\"vc_empty_space\"   style=\"height: 60px\"><span class=\"vc_empty_space_inner\"><\/span><\/div><\/div><\/div><\/div><\/div><div class=\"vc_row wpb_row vc_row-fluid\" ><div class=\"wpb_column vc_column_container vc_col-sm-12\"><div class=\"vc_column-inner\"><div class=\"wpb_wrapper\">\n\t<div  class=\"wpb_single_image wpb_content_element vc_align_left\">\n\t\t\n\t\t<figure class=\"wpb_wrapper vc_figure\">\n\t\t\t<div class=\"vc_single_image-wrapper   vc_box_border_grey\"><img loading=\"lazy\" decoding=\"async\" width=\"1300\" height=\"758\" src=\"https:\/\/restorantbardhi.com\/wp-content\/uploads\/2021\/05\/Ferma-photo-3.jpg\" class=\"vc_single_image-img attachment-full\" alt=\"\" srcset=\"https:\/\/restorantbardhi.com\/wp-content\/uploads\/2021\/05\/Ferma-photo-3.jpg 1300w, https:\/\/restorantbardhi.com\/wp-content\/uploads\/2021\/05\/Ferma-photo-3-300x175.jpg 300w, https:\/\/restorantbardhi.com\/wp-content\/uploads\/2021\/05\/Ferma-photo-3-1024x597.jpg 1024w, https:\/\/restorantbardhi.com\/wp-content\/uploads\/2021\/05\/Ferma-photo-3-768x448.jpg 768w, https:\/\/restorantbardhi.com\/wp-content\/uploads\/2021\/05\/Ferma-photo-3-600x350.jpg 600w\" sizes=\"auto, (max-width: 1300px) 100vw, 1300px\" \/><\/div>\n\t\t<\/figure>\n\t<\/div>\n<\/div><\/div><\/div><\/div><div class=\"vc_row wpb_row vc_row-fluid\" ><div class=\"wpb_column vc_column_container vc_col-sm-12\"><div class=\"vc_column-inner\"><div class=\"wpb_wrapper\"><div class=\"vc_empty_space\"   style=\"height: 60px\"><span class=\"vc_empty_space_inner\"><\/span><\/div><\/div><\/div><\/div><\/div><div class=\"vc_row wpb_row vc_row-fluid\" ><div class=\"wpb_column vc_column_container vc_col-sm-12\"><div class=\"vc_column-inner\"><div class=\"wpb_wrapper\">\n\t<div  class=\"wpb_single_image wpb_content_element vc_align_left\">\n\t\t\n\t\t<figure class=\"wpb_wrapper vc_figure\">\n\t\t\t<div class=\"vc_single_image-wrapper   vc_box_border_grey\"><img loading=\"lazy\" decoding=\"async\" width=\"1300\" height=\"758\" src=\"https:\/\/restorantbardhi.com\/wp-content\/uploads\/2021\/05\/Ferma-photo-4.jpg\" class=\"vc_single_image-img attachment-full\" alt=\"\" srcset=\"https:\/\/restorantbardhi.com\/wp-content\/uploads\/2021\/05\/Ferma-photo-4.jpg 1300w, https:\/\/restorantbardhi.com\/wp-content\/uploads\/2021\/05\/Ferma-photo-4-300x175.jpg 300w, https:\/\/restorantbardhi.com\/wp-content\/uploads\/2021\/05\/Ferma-photo-4-1024x597.jpg 1024w, https:\/\/restorantbardhi.com\/wp-content\/uploads\/2021\/05\/Ferma-photo-4-768x448.jpg 768w, https:\/\/restorantbardhi.com\/wp-content\/uploads\/2021\/05\/Ferma-photo-4-600x350.jpg 600w\" sizes=\"auto, (max-width: 1300px) 100vw, 1300px\" \/><\/div>\n\t\t<\/figure>\n\t<\/div>\n<\/div><\/div><\/div><\/div><div class=\"vc_row wpb_row vc_row-fluid\" ><div class=\"wpb_column vc_column_container vc_col-sm-12\"><div class=\"vc_column-inner\"><div class=\"wpb_wrapper\"><div class=\"vc_empty_space\"   style=\"height: 60px\"><span class=\"vc_empty_space_inner\"><\/span><\/div><\/div><\/div><\/div><\/div><div class=\"vc_row wpb_row vc_row-fluid\" ><div class=\"wpb_column vc_column_container vc_col-sm-12\"><div class=\"vc_column-inner\"><div class=\"wpb_wrapper\">\n\t<div  class=\"wpb_single_image wpb_content_element vc_align_left\">\n\t\t\n\t\t<figure class=\"wpb_wrapper vc_figure\">\n\t\t\t<div class=\"vc_single_image-wrapper   vc_box_border_grey\"><img loading=\"lazy\" decoding=\"async\" width=\"1300\" height=\"758\" src=\"https:\/\/restorantbardhi.com\/wp-content\/uploads\/2021\/05\/Ferma-photo-5.jpg\" class=\"vc_single_image-img attachment-full\" alt=\"\" srcset=\"https:\/\/restorantbardhi.com\/wp-content\/uploads\/2021\/05\/Ferma-photo-5.jpg 1300w, https:\/\/restorantbardhi.com\/wp-content\/uploads\/2021\/05\/Ferma-photo-5-300x175.jpg 300w, https:\/\/restorantbardhi.com\/wp-content\/uploads\/2021\/05\/Ferma-photo-5-1024x597.jpg 1024w, https:\/\/restorantbardhi.com\/wp-content\/uploads\/2021\/05\/Ferma-photo-5-768x448.jpg 768w, https:\/\/restorantbardhi.com\/wp-content\/uploads\/2021\/05\/Ferma-photo-5-600x350.jpg 600w\" sizes=\"auto, (max-width: 1300px) 100vw, 1300px\" \/><\/div>\n\t\t<\/figure>\n\t<\/div>\n<\/div><\/div><\/div><\/div><div class=\"vc_row wpb_row vc_row-fluid\" ><div class=\"wpb_column vc_column_container vc_col-sm-12\"><div class=\"vc_column-inner\"><div class=\"wpb_wrapper\"><div class=\"vc_empty_space\"   style=\"height: 60px\"><span class=\"vc_empty_space_inner\"><\/span><\/div><\/div><\/div><\/div><\/div>","protected":false},"excerpt":{"rendered":"The FARM The Bardhi family farm is the secret of the restaurant's success. The incomparable taste that comes from the earth, completely BIO and without chemicals constitutes an added value. Our dishes serve farm products, plant and animal, grown with a lot of love! We also benefit from them by many by-products, such as: cheeses of different types, pickles, jams, [...]","protected":false},"author":1,"featured_media":0,"parent":0,"menu_order":0,"comment_status":"closed","ping_status":"closed","template":"","meta":{"footnotes":""},"class_list":["post-2900","page","type-page","status-publish","hentry"],"_links":{"self":[{"href":"https:\/\/restorantbardhi.com\/sq\/wp-json\/wp\/v2\/pages\/2900","targetHints":{"allow":["GET"]}}],"collection":[{"href":"https:\/\/restorantbardhi.com\/sq\/wp-json\/wp\/v2\/pages"}],"about":[{"href":"https:\/\/restorantbardhi.com\/sq\/wp-json\/wp\/v2\/types\/page"}],"author":[{"embeddable":true,"href":"https:\/\/restorantbardhi.com\/sq\/wp-json\/wp\/v2\/users\/1"}],"replies":[{"embeddable":true,"href":"https:\/\/restorantbardhi.com\/sq\/wp-json\/wp\/v2\/comments?post=2900"}],"version-history":[{"count":11,"href":"https:\/\/restorantbardhi.com\/sq\/wp-json\/wp\/v2\/pages\/2900\/revisions"}],"predecessor-version":[{"id":2929,"href":"https:\/\/restorantbardhi.com\/sq\/wp-json\/wp\/v2\/pages\/2900\/revisions\/2929"}],"wp:attachment":[{"href":"https:\/\/restorantbardhi.com\/sq\/wp-json\/wp\/v2\/media?parent=2900"}],"curies":[{"name":"wp","href":"https:\/\/api.w.org\/{rel}","templated":true}]}}